{"id":10133,"date":"2023-02-21T11:12:49","date_gmt":"2023-02-21T10:12:49","guid":{"rendered":"https:\/\/larimart.it\/integrated-communication-management-system\/"},"modified":"2023-08-02T12:36:40","modified_gmt":"2023-08-02T10:36:40","slug":"integrated-communication-management-system","status":"publish","type":"page","link":"https:\/\/larimart.it\/en\/integrated-communication-management-system\/","title":{"rendered":"INTEGRATED COMMUNICATION MANAGEMENT SYSTEM"},"content":{"rendered":"\t\t<div data-elementor-type=\"wp-page\" data-elementor-id=\"10133\" class=\"elementor elementor-10133 elementor-6507\" data-elementor-post-type=\"page\">\n\t\t\t\t\t\t<section data-dce-background-image-url=\"https:\/\/larimart.it\/wp-content\/uploads\/2023\/02\/Sistema-integrato-di-gestione-delle-comunicazioni_interna.jpg\" class=\"elementor-section elementor-top-section elementor-element elementor-element-31f518e9 elementor-section-height-min-height elementor-section-boxed elementor-section-height-default elementor-section-items-middle\" data-id=\"31f518e9\" data-element_type=\"section\" data-e-type=\"section\" data-settings=\"{&quot;background_background&quot;:&quot;classic&quot;}\">\r\n\t\t\r\n\t\t\t\t\t\t\t<div class=\"elementor-container elementor-column-gap-default\">\r\n\t\t\t\t\t\t\t\t\t\t\t<div class=\"elementor-column elementor-col-100 elementor-top-column elementor-element elementor-element-6f19ac64\" data-id=\"6f19ac64\" data-element_type=\"column\" data-e-type=\"column\">\r\n\t\t\t\t\t<div class=\"elementor-widget-wrap elementor-element-populated\">\r\n\t\t\t\t\t\t\t\t\t<\/div>\r\n\t\t\t\t<\/div>\r\n\t\t\t\t\t<\/div>\r\n\t\t\t\t<\/section>\r\n\t\t\t\t<section class=\"elementor-section elementor-top-section elementor-element elementor-element-36a31ddd elementor-section-boxed elementor-section-height-default elementor-section-height-default\" data-id=\"36a31ddd\" data-element_type=\"section\" data-e-type=\"section\">\r\n\t\t\r\n\t\t\t\t\t\t\t<div class=\"elementor-container elementor-column-gap-default\">\r\n\t\t\t\t\t\t\t\t\t\t\t<div class=\"elementor-column elementor-col-100 elementor-top-column elementor-element elementor-element-2cdb35ff\" data-id=\"2cdb35ff\" data-element_type=\"column\" data-e-type=\"column\">\r\n\t\t\t\t\t<div class=\"elementor-widget-wrap elementor-element-populated\">\r\n\t\t\t\t\t\t\t\t<div class=\"elementor-element elementor-element-4038182a elementor-widget elementor-widget-breadcrumbs\" data-id=\"4038182a\" data-element_type=\"widget\" data-e-type=\"widget\" data-widget_type=\"breadcrumbs.default\">\n\t\t\t\t<div class=\"elementor-widget-container\">\n\t\t\t\t\t<p id=\"breadcrumbs\"><\/p>\t\t\t\t<\/div>\n\t\t\t\t<\/div>\n\t\t\t\t\t<\/div>\r\n\t\t\t\t<\/div>\r\n\t\t\t\t\t<\/div>\r\n\t\t\t\t<\/section>\r\n\t\t\t\t<section class=\"elementor-section elementor-top-section elementor-element elementor-element-87a143a elementor-section-boxed elementor-section-height-default elementor-section-height-default\" data-id=\"87a143a\" data-element_type=\"section\" data-e-type=\"section\">\r\n\t\t\r\n\t\t\t\t\t\t\t<div class=\"elementor-container elementor-column-gap-default\">\r\n\t\t\t\t\t\t\t\t\t\t\t<div class=\"elementor-column elementor-col-100 elementor-top-column elementor-element elementor-element-27be0ca0\" data-id=\"27be0ca0\" data-element_type=\"column\" data-e-type=\"column\">\r\n\t\t\t\t\t<div class=\"elementor-widget-wrap elementor-element-populated\">\r\n\t\t\t\t\t\t\t\t<div class=\"elementor-element elementor-element-2d5ca74e elementor-widget elementor-widget-porto_products\" data-id=\"2d5ca74e\" data-element_type=\"widget\" data-e-type=\"widget\" data-settings=\"{&quot;spacing&quot;:{&quot;unit&quot;:&quot;px&quot;,&quot;size&quot;:&quot;&quot;,&quot;sizes&quot;:[]}}\" data-widget_type=\"porto_products.default\">\n\t\t\t\t<div class=\"elementor-widget-container\">\n\t\t\t\t\t<div id=\"porto-products-d751713988987e9331980363e24189ce\" class=\"porto-products wpb_content_element archive-products porto-products-widget-pagination theme_option\"><form class=\"pagination-form d-none\"><input type=\"hidden\" name=\"count\" value=\"12\" ><input type=\"hidden\" name=\"original_orderby\" value=\"date\" ><input type=\"hidden\" name=\"orderby\" value=\"date\" ><input type=\"hidden\" name=\"order\" value=\"DESC\" ><input type=\"hidden\" name=\"category\" value=\"46,42,36\" ><input type=\"hidden\" name=\"ids\" value=\"5920,5887,5911,5373,5375,5377,5379,8396\" ><input type=\"hidden\" name=\"columns\" value=\"3\" ><input type=\"hidden\" name=\"view\" value=\"grid\" ><input type=\"hidden\" name=\"pagination_style\" value=\"default\" ><\/form><div class=\"woocommerce columns-3 \"><div class=\"woocommerce-notices-wrapper\"><\/div><ul class=\"products products-container grid has-ccols has-ccols-spacing ccols-xl-3 ccols-lg-3 ccols-md-3 ccols-sm-2 ccols-2 pwidth-lg-3 pwidth-md-3 pwidth-xs-2 pwidth-ls-1 is-shortcode\"\r\n\t data-product_layout=\"product-default\" role=\"none\">\r\n\r\n<li role=\"none\" class=\"product-col product-default product type-product post-10188 status-publish first instock product_cat-integrated-communications-management-system has-post-thumbnail shipping-taxable product-type-simple\">\r\n<div class=\"product-inner\">\r\n\t\r\n\t<div class=\"product-image\">\r\n\r\n\t\t<a  href=\"https:\/\/larimart.it\/en\/prod\/ipcomms\/\" aria-label=\"Go to product page\">\r\n\t\t\t<div class=\"inner img-effect\"><img fetchpriority=\"high\" decoding=\"async\" width=\"600\" height=\"600\" src=\"https:\/\/larimart.it\/wp-content\/uploads\/2023\/04\/IPCOMMS_01.jpg\" class=\"attachment-woocommerce_thumbnail size-woocommerce_thumbnail\" alt=\"IPCOMMS\" srcset=\"https:\/\/larimart.it\/wp-content\/uploads\/2023\/04\/IPCOMMS_01.jpg 600w, https:\/\/larimart.it\/wp-content\/uploads\/2023\/04\/IPCOMMS_01-400x400.jpg 400w\" sizes=\"(max-width: 600px) 100vw, 600px\" \/><img decoding=\"async\" width=\"600\" height=\"600\" src=\"https:\/\/larimart.it\/wp-content\/uploads\/2023\/04\/IPCOMMS_02.jpg\" class=\"hover-image\" alt=\"\" srcset=\"https:\/\/larimart.it\/wp-content\/uploads\/2023\/04\/IPCOMMS_02.jpg 600w, https:\/\/larimart.it\/wp-content\/uploads\/2023\/04\/IPCOMMS_02-400x400.jpg 400w\" sizes=\"(max-width: 600px) 100vw, 600px\" \/><\/div>\t\t<\/a>\r\n\t\t\t<\/div>\r\n\r\n\t<div class=\"product-content\">\r\n\t\t\r\n\t\t\t<a class=\"product-loop-title\"  href=\"https:\/\/larimart.it\/en\/prod\/ipcomms\/\">\r\n\t<h3 class=\"woocommerce-loop-product__title\">IPCOMMS<\/h3>\t<\/a>\r\n\t\r\n\t\t\r\n\t\t\t<\/div>\r\n<\/div>\r\n\r\n<\/li>\r\n\r\n<li role=\"none\" class=\"product-col product-default product type-product post-10190 status-publish instock product_cat-integrated-communications-management-system has-post-thumbnail shipping-taxable product-type-simple\">\r\n<div class=\"product-inner\">\r\n\t\r\n\t<div class=\"product-image\">\r\n\r\n\t\t<a  href=\"https:\/\/larimart.it\/en\/prod\/xco2020\/\" aria-label=\"Go to product page\">\r\n\t\t\t<div class=\"inner img-effect\"><img decoding=\"async\" width=\"600\" height=\"600\" src=\"https:\/\/larimart.it\/wp-content\/uploads\/2023\/02\/foto_1-XCO2020-600x600.jpg\" class=\"attachment-woocommerce_thumbnail size-woocommerce_thumbnail\" alt=\"XCO2020\" \/><img loading=\"lazy\" decoding=\"async\" width=\"600\" height=\"600\" src=\"https:\/\/larimart.it\/wp-content\/uploads\/2023\/02\/XCO2020_SISTEMA-IP-COMMS.jpg\" class=\"hover-image\" alt=\"\" srcset=\"https:\/\/larimart.it\/wp-content\/uploads\/2023\/02\/XCO2020_SISTEMA-IP-COMMS.jpg 600w, https:\/\/larimart.it\/wp-content\/uploads\/2023\/02\/XCO2020_SISTEMA-IP-COMMS-400x400.jpg 400w\" sizes=\"(max-width: 600px) 100vw, 600px\" \/><\/div>\t\t<\/a>\r\n\t\t\t<\/div>\r\n\r\n\t<div class=\"product-content\">\r\n\t\t\r\n\t\t\t<a class=\"product-loop-title\"  href=\"https:\/\/larimart.it\/en\/prod\/xco2020\/\">\r\n\t<h3 class=\"woocommerce-loop-product__title\">XCO2020<\/h3>\t<\/a>\r\n\t\r\n\t\t\r\n\t\t\t<\/div>\r\n<\/div>\r\n\r\n<\/li>\r\n\r\n<li role=\"none\" class=\"product-col product-default product type-product post-10192 status-publish last instock product_cat-integrated-communications-management-system has-post-thumbnail shipping-taxable product-type-simple\">\r\n<div class=\"product-inner\">\r\n\t\r\n\t<div class=\"product-image\">\r\n\r\n\t\t<a  href=\"https:\/\/larimart.it\/en\/prod\/audio-pro\/\" aria-label=\"Go to product page\">\r\n\t\t\t<div class=\"inner img-effect\"><img loading=\"lazy\" decoding=\"async\" width=\"600\" height=\"600\" src=\"https:\/\/larimart.it\/wp-content\/uploads\/2023\/02\/AUDIO-PRO-600x600-1.jpg\" class=\"attachment-woocommerce_thumbnail size-woocommerce_thumbnail\" alt=\"Audio Pro\" srcset=\"https:\/\/larimart.it\/wp-content\/uploads\/2023\/02\/AUDIO-PRO-600x600-1.jpg 600w, https:\/\/larimart.it\/wp-content\/uploads\/2023\/02\/AUDIO-PRO-600x600-1-400x400.jpg 400w\" sizes=\"(max-width: 600px) 100vw, 600px\" \/><img loading=\"lazy\" decoding=\"async\" width=\"600\" height=\"600\" src=\"https:\/\/larimart.it\/wp-content\/uploads\/2023\/02\/AUDIO-PRO_02-600x600-1.jpg\" class=\"hover-image\" alt=\"\" srcset=\"https:\/\/larimart.it\/wp-content\/uploads\/2023\/02\/AUDIO-PRO_02-600x600-1.jpg 600w, https:\/\/larimart.it\/wp-content\/uploads\/2023\/02\/AUDIO-PRO_02-600x600-1-400x400.jpg 400w\" sizes=\"(max-width: 600px) 100vw, 600px\" \/><\/div>\t\t<\/a>\r\n\t\t\t<\/div>\r\n\r\n\t<div class=\"product-content\">\r\n\t\t\r\n\t\t\t<a class=\"product-loop-title\"  href=\"https:\/\/larimart.it\/en\/prod\/audio-pro\/\">\r\n\t<h3 class=\"woocommerce-loop-product__title\">Audio Pro<\/h3>\t<\/a>\r\n\t\r\n\t\t\r\n\t\t\t<\/div>\r\n<\/div>\r\n\r\n<\/li>\r\n\r\n<li role=\"none\" class=\"product-col product-default product type-product post-10194 status-publish first instock product_cat-integrated-communications-management-system has-post-thumbnail shipping-taxable product-type-simple\">\r\n<div class=\"product-inner\">\r\n\t\r\n\t<div class=\"product-image\">\r\n\r\n\t\t<a  href=\"https:\/\/larimart.it\/en\/prod\/radio-pro-r4\/\" aria-label=\"Go to product page\">\r\n\t\t\t<div class=\"inner img-effect\"><img loading=\"lazy\" decoding=\"async\" width=\"600\" height=\"600\" src=\"https:\/\/larimart.it\/wp-content\/uploads\/2023\/02\/Radio-Pro-R4.jpg\" class=\"attachment-woocommerce_thumbnail size-woocommerce_thumbnail\" alt=\"Radio Pro R4\" srcset=\"https:\/\/larimart.it\/wp-content\/uploads\/2023\/02\/Radio-Pro-R4.jpg 600w, https:\/\/larimart.it\/wp-content\/uploads\/2023\/02\/Radio-Pro-R4-400x400.jpg 400w\" sizes=\"(max-width: 600px) 100vw, 600px\" \/><img loading=\"lazy\" decoding=\"async\" width=\"600\" height=\"600\" src=\"https:\/\/larimart.it\/wp-content\/uploads\/2023\/02\/Radio-Pro-R4-2.jpg\" class=\"hover-image\" alt=\"\" srcset=\"https:\/\/larimart.it\/wp-content\/uploads\/2023\/02\/Radio-Pro-R4-2.jpg 600w, https:\/\/larimart.it\/wp-content\/uploads\/2023\/02\/Radio-Pro-R4-2-400x400.jpg 400w\" sizes=\"(max-width: 600px) 100vw, 600px\" \/><\/div>\t\t<\/a>\r\n\t\t\t<\/div>\r\n\r\n\t<div class=\"product-content\">\r\n\t\t\r\n\t\t\t<a class=\"product-loop-title\"  href=\"https:\/\/larimart.it\/en\/prod\/radio-pro-r4\/\">\r\n\t<h3 class=\"woocommerce-loop-product__title\">Radio Pro R4<\/h3>\t<\/a>\r\n\t\r\n\t\t\r\n\t\t\t<\/div>\r\n<\/div>\r\n\r\n<\/li>\r\n\r\n<li role=\"none\" class=\"product-col product-default product type-product post-10180 status-publish instock product_cat-integrated-communications-management-system has-post-thumbnail shipping-taxable product-type-simple\">\r\n<div class=\"product-inner\">\r\n\t\r\n\t<div class=\"product-image\">\r\n\r\n\t\t<a  href=\"https:\/\/larimart.it\/en\/prod\/larimart-call-manager\/\" aria-label=\"Go to product page\">\r\n\t\t\t<div class=\"inner\"><img loading=\"lazy\" decoding=\"async\" width=\"600\" height=\"600\" src=\"https:\/\/larimart.it\/wp-content\/uploads\/2023\/02\/Call-Manager-ITA-1-600x600.jpg\" class=\"attachment-woocommerce_thumbnail size-woocommerce_thumbnail\" alt=\"Larimart Call Manager\" srcset=\"https:\/\/larimart.it\/wp-content\/uploads\/2023\/02\/Call-Manager-ITA-1-600x600.jpg 600w, https:\/\/larimart.it\/wp-content\/uploads\/2023\/02\/Call-Manager-ITA-1-400x400.jpg 400w\" sizes=\"(max-width: 600px) 100vw, 600px\" \/><\/div>\t\t<\/a>\r\n\t\t\t<\/div>\r\n\r\n\t<div class=\"product-content\">\r\n\t\t\r\n\t\t\t<a class=\"product-loop-title\"  href=\"https:\/\/larimart.it\/en\/prod\/larimart-call-manager\/\">\r\n\t<h3 class=\"woocommerce-loop-product__title\">Larimart Call Manager<\/h3>\t<\/a>\r\n\t\r\n\t\t\r\n\t\t\t<\/div>\r\n<\/div>\r\n\r\n<\/li>\r\n\r\n<li role=\"none\" class=\"product-col product-default product type-product post-10182 status-publish last instock product_cat-integrated-communications-management-system has-post-thumbnail shipping-taxable product-type-simple\">\r\n<div class=\"product-inner\">\r\n\t\r\n\t<div class=\"product-image\">\r\n\r\n\t\t<a  href=\"https:\/\/larimart.it\/en\/prod\/lrt-360\/\" aria-label=\"Go to product page\">\r\n\t\t\t<div class=\"inner img-effect\"><img loading=\"lazy\" decoding=\"async\" width=\"600\" height=\"600\" src=\"https:\/\/larimart.it\/wp-content\/uploads\/2023\/02\/LRT-360-Multi-Function_01-600x600.jpg\" class=\"attachment-woocommerce_thumbnail size-woocommerce_thumbnail\" alt=\"LRT-360\" srcset=\"https:\/\/larimart.it\/wp-content\/uploads\/2023\/02\/LRT-360-Multi-Function_01-600x600.jpg 600w, https:\/\/larimart.it\/wp-content\/uploads\/2023\/02\/LRT-360-Multi-Function_01-400x400.jpg 400w\" sizes=\"(max-width: 600px) 100vw, 600px\" \/><img loading=\"lazy\" decoding=\"async\" width=\"600\" height=\"600\" src=\"https:\/\/larimart.it\/wp-content\/uploads\/2023\/02\/LRT-360-Multi-Function_02-600x600.jpg\" class=\"hover-image\" alt=\"\" srcset=\"https:\/\/larimart.it\/wp-content\/uploads\/2023\/02\/LRT-360-Multi-Function_02-600x600.jpg 600w, https:\/\/larimart.it\/wp-content\/uploads\/2023\/02\/LRT-360-Multi-Function_02-400x400.jpg 400w\" sizes=\"(max-width: 600px) 100vw, 600px\" \/><\/div>\t\t<\/a>\r\n\t\t\t<\/div>\r\n\r\n\t<div class=\"product-content\">\r\n\t\t\r\n\t\t\t<a class=\"product-loop-title\"  href=\"https:\/\/larimart.it\/en\/prod\/lrt-360\/\">\r\n\t<h3 class=\"woocommerce-loop-product__title\">LRT-360<\/h3>\t<\/a>\r\n\t\r\n\t\t\r\n\t\t\t<\/div>\r\n<\/div>\r\n\r\n<\/li>\r\n\r\n<li role=\"none\" class=\"product-col product-default product type-product post-10184 status-publish first instock product_cat-integrated-communications-management-system has-post-thumbnail shipping-taxable product-type-simple\">\r\n<div class=\"product-inner\">\r\n\t\r\n\t<div class=\"product-image\">\r\n\r\n\t\t<a  href=\"https:\/\/larimart.it\/en\/prod\/lrt-361\/\" aria-label=\"Go to product page\">\r\n\t\t\t<div class=\"inner img-effect\"><img loading=\"lazy\" decoding=\"async\" width=\"600\" height=\"600\" src=\"https:\/\/larimart.it\/wp-content\/uploads\/2023\/02\/LRT-361-Radio-Management-Terminal_1-1.jpg\" class=\"attachment-woocommerce_thumbnail size-woocommerce_thumbnail\" alt=\"LRT-361\" srcset=\"https:\/\/larimart.it\/wp-content\/uploads\/2023\/02\/LRT-361-Radio-Management-Terminal_1-1.jpg 600w, https:\/\/larimart.it\/wp-content\/uploads\/2023\/02\/LRT-361-Radio-Management-Terminal_1-1-400x400.jpg 400w\" sizes=\"(max-width: 600px) 100vw, 600px\" \/><img loading=\"lazy\" decoding=\"async\" width=\"600\" height=\"600\" src=\"https:\/\/larimart.it\/wp-content\/uploads\/2023\/02\/lrt-361-600x600.jpg\" class=\"hover-image\" alt=\"\" srcset=\"https:\/\/larimart.it\/wp-content\/uploads\/2023\/02\/lrt-361-600x600.jpg 600w, https:\/\/larimart.it\/wp-content\/uploads\/2023\/02\/lrt-361-400x400.jpg 400w\" sizes=\"(max-width: 600px) 100vw, 600px\" \/><\/div>\t\t<\/a>\r\n\t\t\t<\/div>\r\n\r\n\t<div class=\"product-content\">\r\n\t\t\r\n\t\t\t<a class=\"product-loop-title\"  href=\"https:\/\/larimart.it\/en\/prod\/lrt-361\/\">\r\n\t<h3 class=\"woocommerce-loop-product__title\">LRT-361<\/h3>\t<\/a>\r\n\t\r\n\t\t\r\n\t\t\t<\/div>\r\n<\/div>\r\n\r\n<\/li>\r\n\r\n<li role=\"none\" class=\"product-col product-default product type-product post-10186 status-publish instock product_cat-integrated-communications-management-system has-post-thumbnail shipping-taxable product-type-simple\">\r\n<div class=\"product-inner\">\r\n\t\r\n\t<div class=\"product-image\">\r\n\r\n\t\t<a  href=\"https:\/\/larimart.it\/en\/prod\/lrt-362\/\" aria-label=\"Go to product page\">\r\n\t\t\t<div class=\"inner img-effect\"><img loading=\"lazy\" decoding=\"async\" width=\"600\" height=\"600\" src=\"https:\/\/larimart.it\/wp-content\/uploads\/2023\/02\/LRT-362_1-600x600.jpg\" class=\"attachment-woocommerce_thumbnail size-woocommerce_thumbnail\" alt=\"LRT-362\" srcset=\"https:\/\/larimart.it\/wp-content\/uploads\/2023\/02\/LRT-362_1-600x600.jpg 600w, https:\/\/larimart.it\/wp-content\/uploads\/2023\/02\/LRT-362_1-400x400.jpg 400w\" sizes=\"(max-width: 600px) 100vw, 600px\" \/><img loading=\"lazy\" decoding=\"async\" width=\"600\" height=\"600\" src=\"https:\/\/larimart.it\/wp-content\/uploads\/2023\/02\/LRT-362_2-600x600.jpg\" class=\"hover-image\" alt=\"\" srcset=\"https:\/\/larimart.it\/wp-content\/uploads\/2023\/02\/LRT-362_2-600x600.jpg 600w, https:\/\/larimart.it\/wp-content\/uploads\/2023\/02\/LRT-362_2-400x400.jpg 400w\" sizes=\"(max-width: 600px) 100vw, 600px\" \/><\/div>\t\t<\/a>\r\n\t\t\t<\/div>\r\n\r\n\t<div class=\"product-content\">\r\n\t\t\r\n\t\t\t<a class=\"product-loop-title\"  href=\"https:\/\/larimart.it\/en\/prod\/lrt-362\/\">\r\n\t<h3 class=\"woocommerce-loop-product__title\">LRT-362<\/h3>\t<\/a>\r\n\t\r\n\t\t\r\n\t\t\t<\/div>\r\n<\/div>\r\n\r\n<\/li>\r\n<\/ul>\r\n<div class=\"shop-loop-after clearfix is-shortcode\"><nav class=\"woocommerce-pagination\" aria-label=\"Product Pagination\">\t<form class=\"woocommerce-viewing\" method=\"get\">\r\n\r\n\t\t<label>Show: <\/label>\r\n\r\n\t\t<select name=\"count\" class=\"count\" aria-label=\"Show\">\r\n\t\t\t\t\t\t\t<option value=\"12\"  selected='selected'>12<\/option>\r\n\t\t\t\t\t\t\t<option value=\"24\" >24<\/option>\r\n\t\t\t\t\t\t\t<option value=\"36\" >36<\/option>\r\n\t\t\t\t\t<\/select>\r\n\r\n\t\t<input type=\"hidden\" name=\"paged\" value=\"\"\/>\r\n\r\n\t\t\t<\/form>\r\n<\/nav><\/div><\/div><\/div>\t\t\t\t<\/div>\n\t\t\t\t<\/div>\n\t\t\t\t\t<\/div>\r\n\t\t\t\t<\/div>\r\n\t\t\t\t\t<\/div>\r\n\t\t\t\t<\/section>\r\n\t\t\t\t<\/div>\n\t\t","protected":false},"excerpt":{"rendered":"<p>IPCOMMS 0 Su 5 Scopri di pi\u00f9 XCO2020 0 Su 5 Scopri di pi\u00f9 Radio Pro R4 0 Su 5 Scopri di pi\u00f9 Audio Pro 0 Su 5 Scopri di pi\u00f9 LRT-362 0 Su 5 Scopri di pi\u00f9 LRT-361 0 Su 5 Scopri di pi\u00f9 LRT-360 0 Su 5 Scopri di pi\u00f9 Larimart Call Manager [&hellip;]<\/p>\n","protected":false},"author":1,"featured_media":0,"parent":0,"menu_order":0,"comment_status":"closed","ping_status":"closed","template":"","meta":{"_acf_changed":false,"footnotes":""},"class_list":["post-10133","page","type-page","status-publish","hentry"],"acf":[],"yoast_head":"<!-- This site is optimized with the Yoast SEO plugin v27.2 - https:\/\/yoast.com\/product\/yoast-seo-wordpress\/ -->\n<title>INTEGRATED COMMUNICATION MANAGEMENT SYSTEM - Larimart<\/title>\n<meta name=\"robots\" content=\"index, follow, max-snippet:-1, max-image-preview:large, max-video-preview:-1\" \/>\n<link rel=\"canonical\" href=\"https:\/\/larimart.it\/en\/integrated-communication-management-system\/\" \/>\n<meta property=\"og:locale\" content=\"en_US\" \/>\n<meta property=\"og:type\" content=\"article\" \/>\n<meta property=\"og:title\" content=\"INTEGRATED COMMUNICATION MANAGEMENT SYSTEM - Larimart\" \/>\n<meta property=\"og:description\" content=\"IPCOMMS 0 Su 5 Scopri di pi\u00f9 XCO2020 0 Su 5 Scopri di pi\u00f9 Radio Pro R4 0 Su 5 Scopri di pi\u00f9 Audio Pro 0 Su 5 Scopri di pi\u00f9 LRT-362 0 Su 5 Scopri di pi\u00f9 LRT-361 0 Su 5 Scopri di pi\u00f9 LRT-360 0 Su 5 Scopri di pi\u00f9 Larimart Call Manager [&hellip;]\" \/>\n<meta property=\"og:url\" content=\"https:\/\/larimart.it\/en\/integrated-communication-management-system\/\" \/>\n<meta property=\"og:site_name\" content=\"Larimart\" \/>\n<meta property=\"article:modified_time\" content=\"2023-08-02T10:36:40+00:00\" \/>\n<meta property=\"og:image\" content=\"https:\/\/larimart.it\/wp-content\/uploads\/2023\/04\/IPCOMMS_01.jpg\" \/>\n<meta name=\"twitter:card\" content=\"summary_large_image\" \/>\n<script type=\"application\/ld+json\" class=\"yoast-schema-graph\">{\"@context\":\"https:\/\/schema.org\",\"@graph\":[{\"@type\":\"WebPage\",\"@id\":\"https:\/\/larimart.it\/en\/integrated-communication-management-system\/\",\"url\":\"https:\/\/larimart.it\/en\/integrated-communication-management-system\/\",\"name\":\"INTEGRATED COMMUNICATION MANAGEMENT SYSTEM - Larimart\",\"isPartOf\":{\"@id\":\"https:\/\/larimart.it\/en\/#website\"},\"primaryImageOfPage\":{\"@id\":\"https:\/\/larimart.it\/en\/integrated-communication-management-system\/#primaryimage\"},\"image\":{\"@id\":\"https:\/\/larimart.it\/en\/integrated-communication-management-system\/#primaryimage\"},\"thumbnailUrl\":\"https:\/\/larimart.it\/wp-content\/uploads\/2023\/04\/IPCOMMS_01.jpg\",\"datePublished\":\"2023-02-21T10:12:49+00:00\",\"dateModified\":\"2023-08-02T10:36:40+00:00\",\"inLanguage\":\"en-US\",\"potentialAction\":[{\"@type\":\"ReadAction\",\"target\":[\"https:\/\/larimart.it\/en\/integrated-communication-management-system\/\"]}]},{\"@type\":\"ImageObject\",\"inLanguage\":\"en-US\",\"@id\":\"https:\/\/larimart.it\/en\/integrated-communication-management-system\/#primaryimage\",\"url\":\"https:\/\/larimart.it\/wp-content\/uploads\/2023\/04\/IPCOMMS_01.jpg\",\"contentUrl\":\"https:\/\/larimart.it\/wp-content\/uploads\/2023\/04\/IPCOMMS_01.jpg\"},{\"@type\":\"WebSite\",\"@id\":\"https:\/\/larimart.it\/en\/#website\",\"url\":\"https:\/\/larimart.it\/en\/\",\"name\":\"Larimart\",\"description\":\"Difesa, Sicurezza, Emergenza\",\"publisher\":{\"@id\":\"https:\/\/larimart.it\/en\/#organization\"},\"potentialAction\":[{\"@type\":\"SearchAction\",\"target\":{\"@type\":\"EntryPoint\",\"urlTemplate\":\"https:\/\/larimart.it\/en\/?s={search_term_string}\"},\"query-input\":{\"@type\":\"PropertyValueSpecification\",\"valueRequired\":true,\"valueName\":\"search_term_string\"}}],\"inLanguage\":\"en-US\"},{\"@type\":\"Organization\",\"@id\":\"https:\/\/larimart.it\/en\/#organization\",\"name\":\"Larimart\",\"url\":\"https:\/\/larimart.it\/en\/\",\"logo\":{\"@type\":\"ImageObject\",\"inLanguage\":\"en-US\",\"@id\":\"https:\/\/larimart.it\/en\/#\/schema\/logo\/image\/\",\"url\":\"https:\/\/larimart.it\/wp-content\/uploads\/2023\/02\/LOGO-LARIMART_473x108.png\",\"contentUrl\":\"https:\/\/larimart.it\/wp-content\/uploads\/2023\/02\/LOGO-LARIMART_473x108.png\",\"width\":473,\"height\":108,\"caption\":\"Larimart\"},\"image\":{\"@id\":\"https:\/\/larimart.it\/en\/#\/schema\/logo\/image\/\"}}]}<\/script>\n<!-- \/ Yoast SEO plugin. -->","yoast_head_json":{"title":"INTEGRATED COMMUNICATION MANAGEMENT SYSTEM - Larimart","robots":{"index":"index","follow":"follow","max-snippet":"max-snippet:-1","max-image-preview":"max-image-preview:large","max-video-preview":"max-video-preview:-1"},"canonical":"https:\/\/larimart.it\/en\/integrated-communication-management-system\/","og_locale":"en_US","og_type":"article","og_title":"INTEGRATED COMMUNICATION MANAGEMENT SYSTEM - Larimart","og_description":"IPCOMMS 0 Su 5 Scopri di pi\u00f9 XCO2020 0 Su 5 Scopri di pi\u00f9 Radio Pro R4 0 Su 5 Scopri di pi\u00f9 Audio Pro 0 Su 5 Scopri di pi\u00f9 LRT-362 0 Su 5 Scopri di pi\u00f9 LRT-361 0 Su 5 Scopri di pi\u00f9 LRT-360 0 Su 5 Scopri di pi\u00f9 Larimart Call Manager [&hellip;]","og_url":"https:\/\/larimart.it\/en\/integrated-communication-management-system\/","og_site_name":"Larimart","article_modified_time":"2023-08-02T10:36:40+00:00","og_image":[{"url":"https:\/\/larimart.it\/wp-content\/uploads\/2023\/04\/IPCOMMS_01.jpg","type":"","width":"","height":""}],"twitter_card":"summary_large_image","schema":{"@context":"https:\/\/schema.org","@graph":[{"@type":"WebPage","@id":"https:\/\/larimart.it\/en\/integrated-communication-management-system\/","url":"https:\/\/larimart.it\/en\/integrated-communication-management-system\/","name":"INTEGRATED COMMUNICATION MANAGEMENT SYSTEM - Larimart","isPartOf":{"@id":"https:\/\/larimart.it\/en\/#website"},"primaryImageOfPage":{"@id":"https:\/\/larimart.it\/en\/integrated-communication-management-system\/#primaryimage"},"image":{"@id":"https:\/\/larimart.it\/en\/integrated-communication-management-system\/#primaryimage"},"thumbnailUrl":"https:\/\/larimart.it\/wp-content\/uploads\/2023\/04\/IPCOMMS_01.jpg","datePublished":"2023-02-21T10:12:49+00:00","dateModified":"2023-08-02T10:36:40+00:00","inLanguage":"en-US","potentialAction":[{"@type":"ReadAction","target":["https:\/\/larimart.it\/en\/integrated-communication-management-system\/"]}]},{"@type":"ImageObject","inLanguage":"en-US","@id":"https:\/\/larimart.it\/en\/integrated-communication-management-system\/#primaryimage","url":"https:\/\/larimart.it\/wp-content\/uploads\/2023\/04\/IPCOMMS_01.jpg","contentUrl":"https:\/\/larimart.it\/wp-content\/uploads\/2023\/04\/IPCOMMS_01.jpg"},{"@type":"WebSite","@id":"https:\/\/larimart.it\/en\/#website","url":"https:\/\/larimart.it\/en\/","name":"Larimart","description":"Difesa, Sicurezza, Emergenza","publisher":{"@id":"https:\/\/larimart.it\/en\/#organization"},"potentialAction":[{"@type":"SearchAction","target":{"@type":"EntryPoint","urlTemplate":"https:\/\/larimart.it\/en\/?s={search_term_string}"},"query-input":{"@type":"PropertyValueSpecification","valueRequired":true,"valueName":"search_term_string"}}],"inLanguage":"en-US"},{"@type":"Organization","@id":"https:\/\/larimart.it\/en\/#organization","name":"Larimart","url":"https:\/\/larimart.it\/en\/","logo":{"@type":"ImageObject","inLanguage":"en-US","@id":"https:\/\/larimart.it\/en\/#\/schema\/logo\/image\/","url":"https:\/\/larimart.it\/wp-content\/uploads\/2023\/02\/LOGO-LARIMART_473x108.png","contentUrl":"https:\/\/larimart.it\/wp-content\/uploads\/2023\/02\/LOGO-LARIMART_473x108.png","width":473,"height":108,"caption":"Larimart"},"image":{"@id":"https:\/\/larimart.it\/en\/#\/schema\/logo\/image\/"}}]}},"_links":{"self":[{"href":"https:\/\/larimart.it\/en\/wp-json\/wp\/v2\/pages\/10133","targetHints":{"allow":["GET"]}}],"collection":[{"href":"https:\/\/larimart.it\/en\/wp-json\/wp\/v2\/pages"}],"about":[{"href":"https:\/\/larimart.it\/en\/wp-json\/wp\/v2\/types\/page"}],"author":[{"embeddable":true,"href":"https:\/\/larimart.it\/en\/wp-json\/wp\/v2\/users\/1"}],"replies":[{"embeddable":true,"href":"https:\/\/larimart.it\/en\/wp-json\/wp\/v2\/comments?post=10133"}],"version-history":[{"count":3,"href":"https:\/\/larimart.it\/en\/wp-json\/wp\/v2\/pages\/10133\/revisions"}],"predecessor-version":[{"id":10136,"href":"https:\/\/larimart.it\/en\/wp-json\/wp\/v2\/pages\/10133\/revisions\/10136"}],"wp:attachment":[{"href":"https:\/\/larimart.it\/en\/wp-json\/wp\/v2\/media?parent=10133"}],"curies":[{"name":"wp","href":"https:\/\/api.w.org\/{rel}","templated":true}]}}